{"id":949,"date":"2025-11-26T14:06:45","date_gmt":"2025-11-26T13:06:45","guid":{"rendered":"https:\/\/gofar-tour.com\/participer-en-tant-que-media\/"},"modified":"2026-04-15T09:37:02","modified_gmt":"2026-04-15T07:37:02","slug":"participer-en-tant-que-media","status":"publish","type":"page","link":"https:\/\/gofar-tour.com\/fr\/participer-en-tant-que-media\/","title":{"rendered":"Participer en tant que m\u00e9dia"},"content":{"rendered":"","protected":false},"excerpt":{"rendered":"","protected":false},"author":1,"featured_media":0,"parent":0,"menu_order":0,"comment_status":"closed","ping_status":"closed","template":"page-attendas-media.php","meta":{"_acf_changed":false,"footnotes":""},"class_list":["post-949","page","type-page","status-publish","hentry"],"acf":[],"yoast_head":"<title>Participer en tant que m\u00e9dia - GOFAR Tour<\/title>\n<meta name=\"description\" content=\"Bienvenue dans la salle de presse du GOFAR Tour 2026, o\u00f9 vous trouverez tout ce dont vous avez besoin pour couvrir la premi\u00e8re tourn\u00e9e mondiale consacr\u00e9e \u00e0 la robotique agricole en action.\" \/>\n<meta name=\"robots\" content=\"index, follow, max-snippet:-1, max-image-preview:large, max-video-preview:-1\" \/>\n<link rel=\"canonical\" href=\"https:\/\/gofar-tour.com\/fr\/participer-en-tant-que-media\/\" \/>\n<meta property=\"og:locale\" content=\"fr_FR\" \/>\n<meta property=\"og:type\" content=\"article\" \/>\n<meta property=\"og:title\" content=\"Participer en tant que m\u00e9dia - GOFAR Tour\" \/>\n<meta property=\"og:description\" content=\"Bienvenue dans la salle de presse du GOFAR Tour 2026, o\u00f9 vous trouverez tout ce dont vous avez besoin pour couvrir la premi\u00e8re tourn\u00e9e mondiale consacr\u00e9e \u00e0 la robotique agricole en action.\" \/>\n<meta property=\"og:url\" content=\"https:\/\/gofar-tour.com\/fr\/participer-en-tant-que-media\/\" \/>\n<meta property=\"og:site_name\" content=\"GOFAR Tour\" \/>\n<meta property=\"article:modified_time\" content=\"2026-04-15T07:37:02+00:00\" \/>\n<meta property=\"og:image\" content=\"https:\/\/gofar-tour.com\/wp-content\/uploads\/2025\/11\/favicon-2.png\" \/>\n\t<meta property=\"og:image:width\" content=\"512\" \/>\n\t<meta property=\"og:image:height\" content=\"512\" \/>\n\t<meta property=\"og:image:type\" content=\"image\/png\" \/>\n<meta name=\"twitter:card\" content=\"summary_large_image\" \/>\n<script type=\"application\/ld+json\" class=\"yoast-schema-graph\">{\"@context\":\"https:\\\/\\\/schema.org\",\"@graph\":[{\"@type\":\"WebPage\",\"@id\":\"https:\\\/\\\/gofar-tour.com\\\/fr\\\/participer-en-tant-que-media\\\/\",\"url\":\"https:\\\/\\\/gofar-tour.com\\\/fr\\\/participer-en-tant-que-media\\\/\",\"name\":\"Participer en tant que m\u00e9dia - GOFAR Tour\",\"isPartOf\":{\"@id\":\"https:\\\/\\\/gofar-tour.com\\\/fr\\\/#website\"},\"datePublished\":\"2025-11-26T13:06:45+00:00\",\"dateModified\":\"2026-04-15T07:37:02+00:00\",\"description\":\"Bienvenue dans la salle de presse du GOFAR Tour 2026, o\u00f9 vous trouverez tout ce dont vous avez besoin pour couvrir la premi\u00e8re tourn\u00e9e mondiale consacr\u00e9e \u00e0 la robotique agricole en action.\",\"breadcrumb\":{\"@id\":\"https:\\\/\\\/gofar-tour.com\\\/fr\\\/participer-en-tant-que-media\\\/#breadcrumb\"},\"inLanguage\":\"fr-FR\",\"potentialAction\":[{\"@type\":\"ReadAction\",\"target\":[\"https:\\\/\\\/gofar-tour.com\\\/fr\\\/participer-en-tant-que-media\\\/\"]}]},{\"@type\":\"BreadcrumbList\",\"@id\":\"https:\\\/\\\/gofar-tour.com\\\/fr\\\/participer-en-tant-que-media\\\/#breadcrumb\",\"itemListElement\":[{\"@type\":\"ListItem\",\"position\":1,\"name\":\"Home\",\"item\":\"https:\\\/\\\/gofar-tour.com\\\/fr\\\/\"},{\"@type\":\"ListItem\",\"position\":2,\"name\":\"Participer en tant que m\u00e9dia\"}]},{\"@type\":\"WebSite\",\"@id\":\"https:\\\/\\\/gofar-tour.com\\\/fr\\\/#website\",\"url\":\"https:\\\/\\\/gofar-tour.com\\\/fr\\\/\",\"name\":\"GOFAR Tour\",\"description\":\"The Global  Matchmaking Platform For Agricultural Robotics\",\"publisher\":{\"@id\":\"https:\\\/\\\/gofar-tour.com\\\/fr\\\/#organization\"},\"potentialAction\":[{\"@type\":\"SearchAction\",\"target\":{\"@type\":\"EntryPoint\",\"urlTemplate\":\"https:\\\/\\\/gofar-tour.com\\\/fr\\\/?s={search_term_string}\"},\"query-input\":{\"@type\":\"PropertyValueSpecification\",\"valueRequired\":true,\"valueName\":\"search_term_string\"}}],\"inLanguage\":\"fr-FR\"},{\"@type\":\"Organization\",\"@id\":\"https:\\\/\\\/gofar-tour.com\\\/fr\\\/#organization\",\"name\":\"GOFAR\",\"url\":\"https:\\\/\\\/gofar-tour.com\\\/fr\\\/\",\"logo\":{\"@type\":\"ImageObject\",\"inLanguage\":\"fr-FR\",\"@id\":\"https:\\\/\\\/gofar-tour.com\\\/fr\\\/#\\\/schema\\\/logo\\\/image\\\/\",\"url\":\"https:\\\/\\\/gofar-tour.com\\\/wp-content\\\/uploads\\\/2025\\\/11\\\/favicon-2.png\",\"contentUrl\":\"https:\\\/\\\/gofar-tour.com\\\/wp-content\\\/uploads\\\/2025\\\/11\\\/favicon-2.png\",\"width\":512,\"height\":512,\"caption\":\"GOFAR\"},\"image\":{\"@id\":\"https:\\\/\\\/gofar-tour.com\\\/fr\\\/#\\\/schema\\\/logo\\\/image\\\/\"}}]}<\/script>","yoast_head_json":{"title":"Participer en tant que m\u00e9dia - GOFAR Tour","description":"Bienvenue dans la salle de presse du GOFAR Tour 2026, o\u00f9 vous trouverez tout ce dont vous avez besoin pour couvrir la premi\u00e8re tourn\u00e9e mondiale consacr\u00e9e \u00e0 la robotique agricole en action.","robots":{"index":"index","follow":"follow","max-snippet":"max-snippet:-1","max-image-preview":"max-image-preview:large","max-video-preview":"max-video-preview:-1"},"canonical":"https:\/\/gofar-tour.com\/fr\/participer-en-tant-que-media\/","og_locale":"fr_FR","og_type":"article","og_title":"Participer en tant que m\u00e9dia - GOFAR Tour","og_description":"Bienvenue dans la salle de presse du GOFAR Tour 2026, o\u00f9 vous trouverez tout ce dont vous avez besoin pour couvrir la premi\u00e8re tourn\u00e9e mondiale consacr\u00e9e \u00e0 la robotique agricole en action.","og_url":"https:\/\/gofar-tour.com\/fr\/participer-en-tant-que-media\/","og_site_name":"GOFAR Tour","article_modified_time":"2026-04-15T07:37:02+00:00","og_image":[{"width":512,"height":512,"url":"https:\/\/gofar-tour.com\/wp-content\/uploads\/2025\/11\/favicon-2.png","type":"image\/png"}],"twitter_card":"summary_large_image","schema":{"@context":"https:\/\/schema.org","@graph":[{"@type":"WebPage","@id":"https:\/\/gofar-tour.com\/fr\/participer-en-tant-que-media\/","url":"https:\/\/gofar-tour.com\/fr\/participer-en-tant-que-media\/","name":"Participer en tant que m\u00e9dia - GOFAR Tour","isPartOf":{"@id":"https:\/\/gofar-tour.com\/fr\/#website"},"datePublished":"2025-11-26T13:06:45+00:00","dateModified":"2026-04-15T07:37:02+00:00","description":"Bienvenue dans la salle de presse du GOFAR Tour 2026, o\u00f9 vous trouverez tout ce dont vous avez besoin pour couvrir la premi\u00e8re tourn\u00e9e mondiale consacr\u00e9e \u00e0 la robotique agricole en action.","breadcrumb":{"@id":"https:\/\/gofar-tour.com\/fr\/participer-en-tant-que-media\/#breadcrumb"},"inLanguage":"fr-FR","potentialAction":[{"@type":"ReadAction","target":["https:\/\/gofar-tour.com\/fr\/participer-en-tant-que-media\/"]}]},{"@type":"BreadcrumbList","@id":"https:\/\/gofar-tour.com\/fr\/participer-en-tant-que-media\/#breadcrumb","itemListElement":[{"@type":"ListItem","position":1,"name":"Home","item":"https:\/\/gofar-tour.com\/fr\/"},{"@type":"ListItem","position":2,"name":"Participer en tant que m\u00e9dia"}]},{"@type":"WebSite","@id":"https:\/\/gofar-tour.com\/fr\/#website","url":"https:\/\/gofar-tour.com\/fr\/","name":"GOFAR Tour","description":"The Global  Matchmaking Platform For Agricultural Robotics","publisher":{"@id":"https:\/\/gofar-tour.com\/fr\/#organization"},"potentialAction":[{"@type":"SearchAction","target":{"@type":"EntryPoint","urlTemplate":"https:\/\/gofar-tour.com\/fr\/?s={search_term_string}"},"query-input":{"@type":"PropertyValueSpecification","valueRequired":true,"valueName":"search_term_string"}}],"inLanguage":"fr-FR"},{"@type":"Organization","@id":"https:\/\/gofar-tour.com\/fr\/#organization","name":"GOFAR","url":"https:\/\/gofar-tour.com\/fr\/","logo":{"@type":"ImageObject","inLanguage":"fr-FR","@id":"https:\/\/gofar-tour.com\/fr\/#\/schema\/logo\/image\/","url":"https:\/\/gofar-tour.com\/wp-content\/uploads\/2025\/11\/favicon-2.png","contentUrl":"https:\/\/gofar-tour.com\/wp-content\/uploads\/2025\/11\/favicon-2.png","width":512,"height":512,"caption":"GOFAR"},"image":{"@id":"https:\/\/gofar-tour.com\/fr\/#\/schema\/logo\/image\/"}}]}},"_links":{"self":[{"href":"https:\/\/gofar-tour.com\/fr\/wp-json\/wp\/v2\/pages\/949","targetHints":{"allow":["GET"]}}],"collection":[{"href":"https:\/\/gofar-tour.com\/fr\/wp-json\/wp\/v2\/pages"}],"about":[{"href":"https:\/\/gofar-tour.com\/fr\/wp-json\/wp\/v2\/types\/page"}],"author":[{"embeddable":true,"href":"https:\/\/gofar-tour.com\/fr\/wp-json\/wp\/v2\/users\/1"}],"replies":[{"embeddable":true,"href":"https:\/\/gofar-tour.com\/fr\/wp-json\/wp\/v2\/comments?post=949"}],"version-history":[{"count":23,"href":"https:\/\/gofar-tour.com\/fr\/wp-json\/wp\/v2\/pages\/949\/revisions"}],"predecessor-version":[{"id":6702,"href":"https:\/\/gofar-tour.com\/fr\/wp-json\/wp\/v2\/pages\/949\/revisions\/6702"}],"wp:attachment":[{"href":"https:\/\/gofar-tour.com\/fr\/wp-json\/wp\/v2\/media?parent=949"}],"curies":[{"name":"wp","href":"https:\/\/api.w.org\/{rel}","templated":true}]}}